{"id":8297,"date":"2023-06-23T17:00:23","date_gmt":"2023-06-23T17:00:23","guid":{"rendered":"https:\/\/goldenplagas.com\/?page_id=8297"},"modified":"2023-06-23T18:15:21","modified_gmt":"2023-06-23T18:15:21","slug":"contacto-2","status":"publish","type":"page","link":"https:\/\/goldenplagas.com\/?page_id=8297","title":{"rendered":"Contacto"},"content":{"rendered":"<section class=\"l-section wpb_row height_custom full_height valign_center color_primary with_img parallax_ver\"><div class=\"l-section-img\" data-img-width=\"1920\" data-img-height=\"1080\" style=\"background-image: url(https:\/\/goldenplagas.com\/wp-content\/uploads\/2023\/06\/SVQ_02_VERDE.jpg);background-position: top center;\"><\/div><div class=\"l-section-overlay\" style=\"background:var(--color-header-top-transparent-bg)\"><\/div><div class=\"l-section-h i-cf\"><div class=\"g-cols vc_row via_grid cols_1 laptops-cols_inherit tablets-cols_inherit mobiles-cols_1 valign_top type_default stacking_default\"><div class=\"wpb_column vc_column_container\"><div class=\"vc_column-inner\"><div class=\"w-image align_center\"><div class=\"w-image-h\"><img width=\"150\" height=\"98\" src=\"https:\/\/goldenplagas.com\/wp-content\/uploads\/2023\/06\/LOGO_NEG.png\" class=\"attachment-us_150_150 size-us_150_150\" alt=\"\" decoding=\"async\" loading=\"lazy\" srcset=\"https:\/\/goldenplagas.com\/wp-content\/uploads\/2023\/06\/LOGO_NEG.png 1332w, https:\/\/goldenplagas.com\/wp-content\/uploads\/2023\/06\/LOGO_NEG-300x195.png 300w, https:\/\/goldenplagas.com\/wp-content\/uploads\/2023\/06\/LOGO_NEG-1024x667.png 1024w\" sizes=\"(max-width: 150px) 100vw, 150px\" \/><\/div><\/div><div class=\"w-separator size_huge\"><\/div><div class=\"w-separator size_huge\"><\/div><div class=\"w-iconbox us_custom_7e589ab6 iconpos_top style_default color_secondary align_center no_title\"><div class=\"w-iconbox-icon\" style=\"font-size:4.3rem;\"><\/div><div class=\"w-iconbox-meta\"><div class=\"w-iconbox-text\"><h1>CONTACTO<\/h1>\n<\/div><\/div><\/div><div class=\"w-separator size_custom\" style=\"height:12vh\"><\/div><\/div><\/div><\/div><\/div><\/section><section class=\"l-section wpb_row height_custom\"><div class=\"l-section-h i-cf\"><div class=\"g-cols vc_row via_grid cols_1-2 laptops-cols_inherit tablets-cols_inherit mobiles-cols_1 valign_top type_default stacking_default\"><div class=\"wpb_column vc_column_container\"><div class=\"vc_column-inner\"><div class=\"wpb_text_column\"><div class=\"wpb_wrapper\"><h4><span style=\"color: #dba91b;\">informaci\u00f3n de contacto<\/span><\/h4>\n<\/div><\/div><div class=\"w-separator size_small\"><\/div><div class=\"w-iconbox iconpos_left style_default color_secondary align_left no_text\"><a href=\"tel:+34640242356\" class=\"w-iconbox-link\" aria-label=\"[+34] 640 242 356\"><div class=\"w-iconbox-icon\" style=\"font-size:2rem;\"><i class=\"fad fa-phone\"><\/i><\/div><\/a><div class=\"w-iconbox-meta\"><a href=\"tel:+34640242356\" class=\"w-iconbox-link\" aria-label=\"[+34] 640 242 356\"><h6 class=\"w-iconbox-title\">[+34] 640 242 356<\/h6><\/a><\/div><\/div><div class=\"w-separator size_small\"><\/div><div class=\"w-iconbox iconpos_left style_default color_secondary align_left no_text\"><a title=\"Contacto\" href=\"tel:+34955274797\" class=\"w-iconbox-link\" aria-label=\"[+34] 955 274 797\"><div class=\"w-iconbox-icon\" style=\"font-size:2rem;\"><i class=\"fad fa-phone\"><\/i><\/div><\/a><div class=\"w-iconbox-meta\"><a title=\"Contacto\" href=\"tel:+34955274797\" class=\"w-iconbox-link\" aria-label=\"[+34] 955 274 797\"><h6 class=\"w-iconbox-title\">[+34] 955 274 797<\/h6><\/a><\/div><\/div><div class=\"w-separator size_small\"><\/div><div class=\"w-iconbox iconpos_left style_default color_secondary align_left no_text\"><a href=\"mailto:info@goldenplagas.com\" class=\"w-iconbox-link\" aria-label=\"info@goldenplagas.com\"><div class=\"w-iconbox-icon\" style=\"font-size:2rem;\"><i class=\"fad fa-envelope\"><\/i><\/div><\/a><div class=\"w-iconbox-meta\"><a href=\"mailto:info@goldenplagas.com\" class=\"w-iconbox-link\" aria-label=\"info@goldenplagas.com\"><h6 class=\"w-iconbox-title\">info@goldenplagas.com<\/h6><\/a><\/div><\/div><div class=\"w-separator size_large\"><\/div><div class=\"w-image align_none\"><div class=\"w-image-h\"><img width=\"300\" height=\"230\" src=\"https:\/\/goldenplagas.com\/wp-content\/uploads\/2023\/06\/mosquito_300.png\" class=\"attachment-large size-large\" alt=\"\" decoding=\"async\" loading=\"lazy\" \/><\/div><\/div><\/div><\/div><div class=\"wpb_column vc_column_container\"><div class=\"vc_column-inner\"><div class=\"wpb_text_column\"><div class=\"wpb_wrapper\"><h4><span style=\"color: #dba91b;\">env\u00edanos un mail!<\/span><\/h4>\n<p>Si tienes alguna duda o quieres consultarnos algo, puedes rellenar este formulario y nos pondremos en contacto contigo a la mayor brevedad posible. \u00a1Te esperamos!<\/p>\n<\/div><\/div><div class=\"w-separator size_small\"><\/div><form class=\"w-form  layout_ver for_cform us_form_1\" autocomplete=\"off\" action=\"https:\/\/goldenplagas.com\/index.php?rest_route=%2Fwp%2Fv2%2Fpages%2F8297\" method=\"post\"><div class=\"w-form-h\"><div class=\"w-form-row for_text required\">\r\n\t\t<div class=\"w-form-row-field\">\r\n\t\t\t\t\t\t<input aria-label=\"Nombre\" type=\"text\" name=\"us_form_1_text_1\" value placeholder=\"Nombre *\" data-required=\"true\" aria-required=\"true\"\/>\r\n\t\t\t<\/div>\r\n\t\t<div class=\"w-form-row-state\">Rellena este campo<\/div>\r\n<\/div>\r\n<div class=\"w-form-row for_email required\">\r\n\t\t<div class=\"w-form-row-field\">\r\n\t\t\t\t\t\t<input aria-label=\"Correo electr\u00f3nico\" type=\"email\" name=\"us_form_1_email_1\" value placeholder=\"Correo electr\u00f3nico *\" data-required=\"true\" aria-required=\"true\"\/>\r\n\t\t\t<\/div>\r\n\t\t<div class=\"w-form-row-state\">Por favor, introduce una direcci\u00f3n de correo electr\u00f3nico v\u00e1lida.<\/div>\r\n<\/div>\r\n<div class=\"w-form-row for_textarea required\">\r\n\t\t<div class=\"w-form-row-field\">\r\n\t\t\t\t\t\t<textarea aria-label=\"Texto\" name=\"us_form_1_textarea_1\" placeholder=\"Texto *\" data-required=\"true\" aria-required=\"true\"><\/textarea>\r\n\t\t\t<\/div>\r\n\t\t<div class=\"w-form-row-state\">Rellena este campo<\/div>\r\n<\/div>\r\n<div class=\"w-form-row for_captcha required cols_4\">\r\n\t<div class=\"w-form-row-label\">\r\n\t\t<span> <span>21 - 5 = ?<\/span><\/span>\r\n\t<\/div>\r\n\t<div class=\"w-form-row-field\">\r\n\t\t\t\t<input type=\"hidden\" name=\"us_form_1_captcha_1_hash\" value=\"137d1a81462d25fa6975527fdc60855b\" \/>\r\n\t\t\t\t<input aria-label=\"us_form_1_captcha_1\" type=\"text\" name=\"us_form_1_captcha_1\" placeholder data-required=\"true\" aria-required=\"true\"\/>\r\n\t\t\t<\/div>\r\n\t\t<div class=\"w-form-row-state\">Escriba el resultado de la operaci\u00f3n para continuar<\/div>\r\n<\/div>\r\n<input type=\"hidden\" name=\"action\" value=\"us_ajax_cform\" \/>\r\n<input type=\"hidden\" name=\"post_id\" value=\"0\" \/>\r\n<input type=\"hidden\" name=\"form_index\" value=\"1\" \/>\r\n<div class=\"w-form-row for_submit  align_none\">\r\n\t<button class=\"w-btn  us-btn-style_1\" aria-label=\"Enviar\" type=\"submit\">\r\n\t\t<span class=\"g-preloader type_1\"><\/span>\r\n\t\t\t\t<span class=\"w-btn-label\">Enviar<\/span>\r\n\t\t\t<\/button>\r\n\t<\/div>\r\n<\/div><div class=\"w-form-message\"><\/div><div class=\"w-form-json hidden\" onclick='return {&quot;ajaxurl&quot;:&quot;https:\\\/\\\/goldenplagas.com\\\/wp-admin\\\/admin-ajax.php&quot;,&quot;messages&quot;:{&quot;err_empty&quot;:&quot;Rellena este campo&quot;,&quot;err_size&quot;:&quot;El tama\\u00f1o del archivo no puede exceder %s MB&quot;,&quot;err_extension&quot;:&quot;El tipo de archivo %s no est\\u00e1 permitido&quot;}}'><\/div><\/form><div class=\"w-separator size_small\"><\/div><div class=\"w-separator size_small\"><\/div><div class=\"w-sharing type_outlined align_center color_primary\"><div class=\"w-sharing-list\" data-content-image=\"true\"><a class=\"w-sharing-item email\" href=\"mailto:?subject=Contacto&amp;body=https:\/\/goldenplagas.com\/index.php?rest_route=\/wp\/v2\/pages\/8297\" title=\"Env\u00edalo por mail\" aria-label=\"Env\u00edalo por mail\"><i class=\"fas fa-envelope\"><\/i><\/a><a class=\"w-sharing-item facebook\" href=\"https:\/\/www.facebook.com\/sharer\/sharer.php?u=https:\/\/goldenplagas.com\/index.php?rest_route=\/wp\/v2\/pages\/8297&amp;quote=Contacto\" title=\"Comparte esto\" aria-label=\"Comparte esto\" onclick=\"window.open(this.href, &quot;facebook&quot;, &quot;toolbar=0,width=900,height=500&quot;); return false;\"><i class=\"fab fa-facebook\"><\/i><\/a><a class=\"w-sharing-item twitter\" href=\"https:\/\/twitter.com\/intent\/tweet?text=Contacto&amp;url=https:\/\/goldenplagas.com\/index.php?rest_route=\/wp\/v2\/pages\/8297\" title=\"Twittear\" aria-label=\"Twittear\" onclick=\"window.open(this.href, &quot;twitter&quot;, &quot;toolbar=0,width=650,height=360&quot;); return false;\"><i class=\"fab fa-twitter\"><\/i><\/a><a class=\"w-sharing-item linkedin\" href=\"https:\/\/www.linkedin.com\/shareArticle?mini=true&amp;url=https:\/\/goldenplagas.com\/index.php?rest_route=\/wp\/v2\/pages\/8297\" title=\"Comparte esto\" aria-label=\"Comparte esto\" onclick=\"window.open(this.href, &quot;linkedin&quot;, &quot;toolbar=no,width=550,height=550&quot;); return false;\"><i class=\"fab fa-linkedin\"><\/i><\/a><a class=\"w-sharing-item whatsapp\" href=\"https:\/\/web.whatsapp.com\/send?text=Contacto https:\/\/goldenplagas.com\/index.php?rest_route=\/wp\/v2\/pages\/8297\" title=\"Comparte esto\" aria-label=\"Comparte esto\" onclick=\"window.open(this.href, &quot;whatsapp&quot;, &quot;toolbar=0,width=900,height=500&quot;); return false;\"><i class=\"fab fa-whatsapp\"><\/i><\/a><a class=\"w-sharing-item telegram\" href=\"https:\/\/t.me\/share\/url?url=https:\/\/goldenplagas.com\/index.php?rest_route=\/wp\/v2\/pages\/8297&amp;text=Contacto\" title=\"Comparte esto\" aria-label=\"Comparte esto\" onclick=\"window.open(this.href, &quot;telegram&quot;, &quot;toolbar=no,width=600,height=450&quot;); return false;\"><i class=\"fab fa-telegram\"><\/i><\/a><\/div><\/div><\/div><\/div><\/div><\/div><\/section><div class=\"wpb_column vc_column_container\"><div class=\"vc_column-inner\"><\/div><\/div><div class=\"wpb_column vc_column_container\"><div class=\"vc_column-inner\"><\/div><\/div>\n","protected":false},"excerpt":{"rendered":"CONTACTO informaci\u00f3n de contacto [+34] 640 242 356[+34] 955 274 797info@goldenplagas.comenv\u00edanos un mail! Si tienes alguna duda o quieres consultarnos algo, puedes rellenar este formulario y nos pondremos en contacto contigo a la mayor brevedad posible. \u00a1Te esperamos! Rellena este campo Por favor, introduce una direcci\u00f3n de correo electr\u00f3nico v\u00e1lida. Rellena este campo 28 +...","protected":false},"author":1,"featured_media":0,"parent":0,"menu_order":0,"comment_status":"closed","ping_status":"closed","template":"","meta":[],"_links":{"self":[{"href":"https:\/\/goldenplagas.com\/index.php?rest_route=\/wp\/v2\/pages\/8297"}],"collection":[{"href":"https:\/\/goldenplagas.com\/index.php?rest_route=\/wp\/v2\/pages"}],"about":[{"href":"https:\/\/goldenplagas.com\/index.php?rest_route=\/wp\/v2\/types\/page"}],"author":[{"embeddable":true,"href":"https:\/\/goldenplagas.com\/index.php?rest_route=\/wp\/v2\/users\/1"}],"replies":[{"embeddable":true,"href":"https:\/\/goldenplagas.com\/index.php?rest_route=%2Fwp%2Fv2%2Fcomments&post=8297"}],"version-history":[{"count":21,"href":"https:\/\/goldenplagas.com\/index.php?rest_route=\/wp\/v2\/pages\/8297\/revisions"}],"predecessor-version":[{"id":8334,"href":"https:\/\/goldenplagas.com\/index.php?rest_route=\/wp\/v2\/pages\/8297\/revisions\/8334"}],"wp:attachment":[{"href":"https:\/\/goldenplagas.com\/index.php?rest_route=%2Fwp%2Fv2%2Fmedia&parent=8297"}],"curies":[{"name":"wp","href":"https:\/\/api.w.org\/{rel}","templated":true}]}}